{"id":44,"date":"2023-09-22T11:26:37","date_gmt":"2023-09-22T14:26:37","guid":{"rendered":"https:\/\/weradiology.com\/index.php\/services\/"},"modified":"2024-09-30T10:48:25","modified_gmt":"2024-09-30T13:48:25","slug":"services","status":"publish","type":"page","link":"https:\/\/weradiology.com\/index.php\/services\/","title":{"rendered":"Services"},"content":{"rendered":"\t\t<div data-elementor-type=\"wp-page\" data-elementor-id=\"44\" class=\"elementor elementor-44\" data-elementor-post-type=\"page\">\n\t\t\t\t<div class=\"elementor-element elementor-element-ed9ce88 elementor-hidden-mobile e-flex e-con-boxed e-con e-parent\" data-id=\"ed9ce88\" data-element_type=\"container\">\n\t\t\t\t\t<div class=\"e-con-inner\">\n\t\t\t\t<div class=\"elementor-element elementor-element-9fc1199 elementor-hidden-mobile elementor-widget-divider--view-line elementor-widget elementor-widget-divider\" data-id=\"9fc1199\" data-element_type=\"widget\" data-widget_type=\"divider.default\">\n\t\t\t\t<div class=\"elementor-widget-container\">\n\t\t\t\t\t\t\t<div class=\"elementor-divider\">\n\t\t\t<span class=\"elementor-divider-separator\">\n\t\t\t\t\t\t<\/span>\n\t\t<\/div>\n\t\t\t\t\t\t<\/div>\n\t\t\t\t<\/div>\n\t\t\t\t\t<\/div>\n\t\t\t\t<\/div>\n\t\t<div class=\"elementor-element elementor-element-ee994a0 elementor-hidden-tablet elementor-hidden-mobile e-flex e-con-boxed e-con e-parent\" data-id=\"ee994a0\" data-element_type=\"container\">\n\t\t\t\t\t<div class=\"e-con-inner\">\n\t\t<div class=\"elementor-element elementor-element-786fb4e e-con-full e-flex e-con e-child\" data-id=\"786fb4e\" data-element_type=\"container\">\n\t\t\t\t<div class=\"elementor-element elementor-element-1b0b3d1 elementor-widget elementor-widget-heading\" data-id=\"1b0b3d1\" data-element_type=\"widget\" data-widget_type=\"heading.default\">\n\t\t\t\t<div class=\"elementor-widget-container\">\n\t\t\t\t\t<h2 class=\"elementor-heading-title elementor-size-default\">M\u00e9dicos Radi\u00f3logos<\/h2>\t\t\t\t<\/div>\n\t\t\t\t<\/div>\n\t\t\t\t<div class=\"elementor-element elementor-element-ab33160 elementor-widget elementor-widget-text-editor\" data-id=\"ab33160\" data-element_type=\"widget\" data-widget_type=\"text-editor.default\">\n\t\t\t\t<div class=\"elementor-widget-container\">\n\t\t\t\t\t\t\t\t\t<p>Ingrese a <span style=\"text-decoration: underline;\">www.weradiology.com<\/span><\/p>\t\t\t\t\t\t\t\t<\/div>\n\t\t\t\t<\/div>\n\t\t\t\t<div class=\"elementor-element elementor-element-1005d85 elementor-widget elementor-widget-text-editor\" data-id=\"1005d85\" data-element_type=\"widget\" data-widget_type=\"text-editor.default\">\n\t\t\t\t<div class=\"elementor-widget-container\">\n\t\t\t\t\t\t\t\t\t<p><span style=\"letter-spacing: 0px; text-align: var(--text-align); background-color: var( --e-global-color-c696dce );\">Accede a Hospitales, Cl\u00ednicas y Centros de diagn\u00f3stico<\/span><span style=\"letter-spacing: 0px; text-align: var(--text-align); background-color: var( --e-global-color-c696dce );\">.&nbsp;<\/span><\/p>\t\t\t\t\t\t\t\t<\/div>\n\t\t\t\t<\/div>\n\t\t\t\t<div class=\"elementor-element elementor-element-16f6775 elementor-widget-mobile__width-initial elementor-widget elementor-widget-text-editor\" data-id=\"16f6775\" data-element_type=\"widget\" data-widget_type=\"text-editor.default\">\n\t\t\t\t<div class=\"elementor-widget-container\">\n\t\t\t\t\t\t\t\t\t<p>La opci\u00f3n para acceder a cl\u00ednicas, Hospitales y Centros de diagn\u00f3stico que necesitan m\u00e9dicos radi\u00f3logos externos.<\/p><p><span style=\"letter-spacing: 0px; text-align: var(--text-align); background-color: var( --e-global-color-c696dce );\">El solo hecho de estar inscripto permite que instituciones puedan contactarlo seg\u00fan su especialidad.<\/span><\/p>\t\t\t\t\t\t\t\t<\/div>\n\t\t\t\t<\/div>\n\t\t\t\t<\/div>\n\t\t<div class=\"elementor-element elementor-element-5dd084b e-con-full e-flex e-con e-child\" data-id=\"5dd084b\" data-element_type=\"container\">\n\t\t\t\t<div class=\"elementor-element elementor-element-ede65d7 elementor-widget elementor-widget-image\" data-id=\"ede65d7\" data-element_type=\"widget\" data-widget_type=\"image.default\">\n\t\t\t\t<div class=\"elementor-widget-container\">\n\t\t\t\t\t\t\t\t\t\t\t\t\t\t\t<img fetchpriority=\"high\" decoding=\"async\" width=\"800\" height=\"533\" src=\"https:\/\/weradiology.com\/wp-content\/uploads\/2024\/09\/Capa_1-1.png\" class=\"attachment-large size-large wp-image-1773\" alt=\"\" srcset=\"https:\/\/weradiology.com\/wp-content\/uploads\/2024\/09\/Capa_1-1.png 851w, https:\/\/weradiology.com\/wp-content\/uploads\/2024\/09\/Capa_1-1-300x200.png 300w, https:\/\/weradiology.com\/wp-content\/uploads\/2024\/09\/Capa_1-1-768x512.png 768w\" sizes=\"(max-width: 800px) 100vw, 800px\" \/>\t\t\t\t\t\t\t\t\t\t\t\t\t\t\t<\/div>\n\t\t\t\t<\/div>\n\t\t\t\t<\/div>\n\t\t\t\t\t<\/div>\n\t\t\t\t<\/div>\n\t\t<div class=\"elementor-element elementor-element-d7eb127 elementor-hidden-desktop e-flex e-con-boxed e-con e-parent\" data-id=\"d7eb127\" data-element_type=\"container\">\n\t\t\t\t\t<div class=\"e-con-inner\">\n\t\t\t\t<div class=\"elementor-element elementor-element-adeb744 elementor-widget elementor-widget-heading\" data-id=\"adeb744\" data-element_type=\"widget\" data-widget_type=\"heading.default\">\n\t\t\t\t<div class=\"elementor-widget-container\">\n\t\t\t\t\t<h2 class=\"elementor-heading-title elementor-size-default\">M\u00e9dicos Radi\u00f3logos<\/h2>\t\t\t\t<\/div>\n\t\t\t\t<\/div>\n\t\t\t\t<div class=\"elementor-element elementor-element-73aaa4d elementor-widget elementor-widget-image\" data-id=\"73aaa4d\" data-element_type=\"widget\" data-widget_type=\"image.default\">\n\t\t\t\t<div class=\"elementor-widget-container\">\n\t\t\t\t\t\t\t\t\t\t\t\t\t\t\t<img decoding=\"async\" width=\"524\" height=\"347\" src=\"https:\/\/weradiology.com\/wp-content\/uploads\/2024\/09\/1-1089x721.png.png\" class=\"attachment-large size-large wp-image-1733\" alt=\"radiografia\" srcset=\"https:\/\/weradiology.com\/wp-content\/uploads\/2024\/09\/1-1089x721.png.png 524w, https:\/\/weradiology.com\/wp-content\/uploads\/2024\/09\/1-1089x721.png-300x199.png 300w\" sizes=\"(max-width: 524px) 100vw, 524px\" \/>\t\t\t\t\t\t\t\t\t\t\t\t\t\t\t<\/div>\n\t\t\t\t<\/div>\n\t\t\t\t<div class=\"elementor-element elementor-element-82595b9 elementor-widget elementor-widget-text-editor\" data-id=\"82595b9\" data-element_type=\"widget\" data-widget_type=\"text-editor.default\">\n\t\t\t\t<div class=\"elementor-widget-container\">\n\t\t\t\t\t\t\t\t\t<p>Accede a Hospitales, Cl\u00ednicas y Centros de diagn\u00f3stico.\u00a0<\/p>\t\t\t\t\t\t\t\t<\/div>\n\t\t\t\t<\/div>\n\t\t\t\t<div class=\"elementor-element elementor-element-30d5514 elementor-widget elementor-widget-text-editor\" data-id=\"30d5514\" data-element_type=\"widget\" data-widget_type=\"text-editor.default\">\n\t\t\t\t<div class=\"elementor-widget-container\">\n\t\t\t\t\t\t\t\t\t<p>Ingrese a <u>weradiology.com<\/u><\/p>\t\t\t\t\t\t\t\t<\/div>\n\t\t\t\t<\/div>\n\t\t\t\t<div class=\"elementor-element elementor-element-8f59c31 elementor-widget-mobile__width-initial elementor-widget elementor-widget-text-editor\" data-id=\"8f59c31\" data-element_type=\"widget\" data-widget_type=\"text-editor.default\">\n\t\t\t\t<div class=\"elementor-widget-container\">\n\t\t\t\t\t\t\t\t\tLa opci\u00f3n para acceder a cl\u00ednicas, Hospitales y Centros de diagn\u00f3stico que necesitan m\u00e9dicos radi\u00f3logos externos.<br\/>El solo hecho de estar inscripto permite que instituciones puedan contactarlo seg\u00fan su especialidad.\t\t\t\t\t\t\t\t<\/div>\n\t\t\t\t<\/div>\n\t\t\t\t\t<\/div>\n\t\t\t\t<\/div>\n\t\t<div class=\"elementor-element elementor-element-9600db1 e-flex e-con-boxed e-con e-parent\" data-id=\"9600db1\" data-element_type=\"container\">\n\t\t\t\t\t<div class=\"e-con-inner\">\n\t\t<div class=\"elementor-element elementor-element-00dec11 e-con-full e-flex e-con e-child\" data-id=\"00dec11\" data-element_type=\"container\">\n\t\t\t\t<div class=\"elementor-element elementor-element-460e20f elementor-widget-divider--view-line elementor-widget elementor-widget-divider\" data-id=\"460e20f\" data-element_type=\"widget\" data-widget_type=\"divider.default\">\n\t\t\t\t<div class=\"elementor-widget-container\">\n\t\t\t\t\t\t\t<div class=\"elementor-divider\">\n\t\t\t<span class=\"elementor-divider-separator\">\n\t\t\t\t\t\t<\/span>\n\t\t<\/div>\n\t\t\t\t\t\t<\/div>\n\t\t\t\t<\/div>\n\t\t\t\t<div class=\"elementor-element elementor-element-4b6fe7e elementor-widget elementor-widget-heading\" data-id=\"4b6fe7e\" data-element_type=\"widget\" data-widget_type=\"heading.default\">\n\t\t\t\t<div class=\"elementor-widget-container\">\n\t\t\t\t\t<h2 class=\"elementor-heading-title elementor-size-default\">Acciones del M\u00e9dico Radi\u00f3logo<\/h2>\t\t\t\t<\/div>\n\t\t\t\t<\/div>\n\t\t\t\t<\/div>\n\t\t<div class=\"elementor-element elementor-element-2f0034f e-con-full e-flex e-con e-child\" data-id=\"2f0034f\" data-element_type=\"container\">\n\t\t\t\t<div class=\"elementor-element elementor-element-f84d1a4 elementor-hidden-tablet elementor-hidden-mobile elementor-widget elementor-widget-image\" data-id=\"f84d1a4\" data-element_type=\"widget\" data-widget_type=\"image.default\">\n\t\t\t\t<div class=\"elementor-widget-container\">\n\t\t\t\t\t\t\t\t\t\t\t\t\t\t\t<img decoding=\"async\" width=\"800\" height=\"344\" src=\"https:\/\/weradiology.com\/wp-content\/uploads\/2024\/09\/ACCIONES-DE-CLINICA-HOSPITAL-2048x1081.png-3-1089x468.png\" class=\"attachment-large size-large wp-image-1777\" alt=\"\" srcset=\"https:\/\/weradiology.com\/wp-content\/uploads\/2024\/09\/ACCIONES-DE-CLINICA-HOSPITAL-2048x1081.png-3-1089x468.png 1089w, https:\/\/weradiology.com\/wp-content\/uploads\/2024\/09\/ACCIONES-DE-CLINICA-HOSPITAL-2048x1081.png-3-300x129.png 300w, https:\/\/weradiology.com\/wp-content\/uploads\/2024\/09\/ACCIONES-DE-CLINICA-HOSPITAL-2048x1081.png-3-768x330.png 768w, https:\/\/weradiology.com\/wp-content\/uploads\/2024\/09\/ACCIONES-DE-CLINICA-HOSPITAL-2048x1081.png-3.png 1308w\" sizes=\"(max-width: 800px) 100vw, 800px\" \/>\t\t\t\t\t\t\t\t\t\t\t\t\t\t\t<\/div>\n\t\t\t\t<\/div>\n\t\t\t\t<\/div>\n\t\t\t\t\t<\/div>\n\t\t\t\t<\/div>\n\t\t<div class=\"elementor-element elementor-element-6436c12 elementor-hidden-desktop e-flex e-con-boxed e-con e-parent\" data-id=\"6436c12\" data-element_type=\"container\">\n\t\t\t\t\t<div class=\"e-con-inner\">\n\t\t\t\t<div class=\"elementor-element elementor-element-b2c720b elementor-widget elementor-widget-image\" data-id=\"b2c720b\" data-element_type=\"widget\" data-widget_type=\"image.default\">\n\t\t\t\t<div class=\"elementor-widget-container\">\n\t\t\t\t\t\t\t\t\t\t\t\t\t\t\t<img loading=\"lazy\" decoding=\"async\" width=\"800\" height=\"681\" src=\"https:\/\/weradiology.com\/wp-content\/uploads\/2024\/09\/Acciones_Medico_Radiologo-1089x927.png\" class=\"attachment-large size-large wp-image-1446\" alt=\"Lista de acciones del m\u00e9dico radiologo\" srcset=\"https:\/\/weradiology.com\/wp-content\/uploads\/2024\/09\/Acciones_Medico_Radiologo-1089x927.png 1089w, https:\/\/weradiology.com\/wp-content\/uploads\/2024\/09\/Acciones_Medico_Radiologo-300x255.png 300w, https:\/\/weradiology.com\/wp-content\/uploads\/2024\/09\/Acciones_Medico_Radiologo-768x654.png 768w, https:\/\/weradiology.com\/wp-content\/uploads\/2024\/09\/Acciones_Medico_Radiologo-1536x1307.png 1536w, https:\/\/weradiology.com\/wp-content\/uploads\/2024\/09\/Acciones_Medico_Radiologo-2048x1743.png 2048w\" sizes=\"(max-width: 800px) 100vw, 800px\" \/>\t\t\t\t\t\t\t\t\t\t\t\t\t\t\t<\/div>\n\t\t\t\t<\/div>\n\t\t\t\t\t<\/div>\n\t\t\t\t<\/div>\n\t\t<div class=\"elementor-element elementor-element-bea7be2 e-flex e-con-boxed e-con e-parent\" data-id=\"bea7be2\" data-element_type=\"container\">\n\t\t\t\t\t<div class=\"e-con-inner\">\n\t\t\t\t<div class=\"elementor-element elementor-element-45020e8 elementor-widget-divider--view-line elementor-widget elementor-widget-divider\" data-id=\"45020e8\" data-element_type=\"widget\" data-widget_type=\"divider.default\">\n\t\t\t\t<div class=\"elementor-widget-container\">\n\t\t\t\t\t\t\t<div class=\"elementor-divider\">\n\t\t\t<span class=\"elementor-divider-separator\">\n\t\t\t\t\t\t<\/span>\n\t\t<\/div>\n\t\t\t\t\t\t<\/div>\n\t\t\t\t<\/div>\n\t\t\t\t\t<\/div>\n\t\t\t\t<\/div>\n\t\t\t\t<\/div>\n\t\t","protected":false},"excerpt":{"rendered":"<p>M\u00e9dicos Radi\u00f3logos Ingrese a www.weradiology.com Accede a Hospitales, Cl\u00ednicas y Centros de diagn\u00f3stico.&nbsp; La opci\u00f3n para acceder a cl\u00ednicas, Hospitales y Centros de diagn\u00f3stico que necesitan m\u00e9dicos radi\u00f3logos externos. El solo hecho de estar inscripto permite que instituciones puedan contactarlo seg\u00fan su especialidad. M\u00e9dicos Radi\u00f3logos Accede a Hospitales, Cl\u00ednicas y Centros de diagn\u00f3stico.\u00a0 Ingrese a [&hellip;]<\/p>\n","protected":false},"author":6,"featured_media":0,"parent":0,"menu_order":0,"comment_status":"closed","ping_status":"closed","template":"elementor_header_footer","meta":{"footnotes":""},"class_list":["post-44","page","type-page","status-publish","hentry"],"yoast_head":"<!-- This site is optimized with the Yoast SEO plugin v26.3 - https:\/\/yoast.com\/wordpress\/plugins\/seo\/ -->\n<title>Services - weradiology.com<\/title>\n<meta name=\"robots\" content=\"index, follow, max-snippet:-1, max-image-preview:large, max-video-preview:-1\" \/>\n<link rel=\"canonical\" href=\"https:\/\/weradiology.com\/index.php\/services\/\" \/>\n<meta property=\"og:locale\" content=\"en_US\" \/>\n<meta property=\"og:type\" content=\"article\" \/>\n<meta property=\"og:title\" content=\"Services - weradiology.com\" \/>\n<meta property=\"og:description\" content=\"M\u00e9dicos Radi\u00f3logos Ingrese a www.weradiology.com Accede a Hospitales, Cl\u00ednicas y Centros de diagn\u00f3stico.&nbsp; La opci\u00f3n para acceder a cl\u00ednicas, Hospitales y Centros de diagn\u00f3stico que necesitan m\u00e9dicos radi\u00f3logos externos. El solo hecho de estar inscripto permite que instituciones puedan contactarlo seg\u00fan su especialidad. M\u00e9dicos Radi\u00f3logos Accede a Hospitales, Cl\u00ednicas y Centros de diagn\u00f3stico.\u00a0 Ingrese a [&hellip;]\" \/>\n<meta property=\"og:url\" content=\"https:\/\/weradiology.com\/index.php\/services\/\" \/>\n<meta property=\"og:site_name\" content=\"weradiology.com\" \/>\n<meta property=\"article:modified_time\" content=\"2024-09-30T13:48:25+00:00\" \/>\n<meta property=\"og:image\" content=\"http:\/\/weradiology.com\/wp-content\/uploads\/2024\/09\/Capa_1-1.png\" \/>\n<meta name=\"twitter:card\" content=\"summary_large_image\" \/>\n<meta name=\"twitter:label1\" content=\"Est. reading time\" \/>\n\t<meta name=\"twitter:data1\" content=\"2 minutes\" \/>\n<script type=\"application\/ld+json\" class=\"yoast-schema-graph\">{\"@context\":\"https:\/\/schema.org\",\"@graph\":[{\"@type\":\"WebPage\",\"@id\":\"https:\/\/weradiology.com\/index.php\/services\/\",\"url\":\"https:\/\/weradiology.com\/index.php\/services\/\",\"name\":\"Services - weradiology.com\",\"isPartOf\":{\"@id\":\"https:\/\/weradiology.com\/#website\"},\"primaryImageOfPage\":{\"@id\":\"https:\/\/weradiology.com\/index.php\/services\/#primaryimage\"},\"image\":{\"@id\":\"https:\/\/weradiology.com\/index.php\/services\/#primaryimage\"},\"thumbnailUrl\":\"http:\/\/weradiology.com\/wp-content\/uploads\/2024\/09\/Capa_1-1.png\",\"datePublished\":\"2023-09-22T14:26:37+00:00\",\"dateModified\":\"2024-09-30T13:48:25+00:00\",\"breadcrumb\":{\"@id\":\"https:\/\/weradiology.com\/index.php\/services\/#breadcrumb\"},\"inLanguage\":\"en-US\",\"potentialAction\":[{\"@type\":\"ReadAction\",\"target\":[\"https:\/\/weradiology.com\/index.php\/services\/\"]}]},{\"@type\":\"ImageObject\",\"inLanguage\":\"en-US\",\"@id\":\"https:\/\/weradiology.com\/index.php\/services\/#primaryimage\",\"url\":\"https:\/\/weradiology.com\/wp-content\/uploads\/2024\/09\/Capa_1-1.png\",\"contentUrl\":\"https:\/\/weradiology.com\/wp-content\/uploads\/2024\/09\/Capa_1-1.png\",\"width\":851,\"height\":567},{\"@type\":\"BreadcrumbList\",\"@id\":\"https:\/\/weradiology.com\/index.php\/services\/#breadcrumb\",\"itemListElement\":[{\"@type\":\"ListItem\",\"position\":1,\"name\":\"Home\",\"item\":\"https:\/\/weradiology.com\/\"},{\"@type\":\"ListItem\",\"position\":2,\"name\":\"Services\"}]},{\"@type\":\"WebSite\",\"@id\":\"https:\/\/weradiology.com\/#website\",\"url\":\"https:\/\/weradiology.com\/\",\"name\":\"weradiology.com\",\"description\":\"\",\"publisher\":{\"@id\":\"https:\/\/weradiology.com\/#organization\"},\"potentialAction\":[{\"@type\":\"SearchAction\",\"target\":{\"@type\":\"EntryPoint\",\"urlTemplate\":\"https:\/\/weradiology.com\/?s={search_term_string}\"},\"query-input\":{\"@type\":\"PropertyValueSpecification\",\"valueRequired\":true,\"valueName\":\"search_term_string\"}}],\"inLanguage\":\"en-US\"},{\"@type\":\"Organization\",\"@id\":\"https:\/\/weradiology.com\/#organization\",\"name\":\"weradiology\",\"url\":\"https:\/\/weradiology.com\/\",\"logo\":{\"@type\":\"ImageObject\",\"inLanguage\":\"en-US\",\"@id\":\"https:\/\/weradiology.com\/#\/schema\/logo\/image\/\",\"url\":\"https:\/\/weradiology.com\/wp-content\/uploads\/2023\/09\/weradiology.png\",\"contentUrl\":\"https:\/\/weradiology.com\/wp-content\/uploads\/2023\/09\/weradiology.png\",\"width\":884,\"height\":397,\"caption\":\"weradiology\"},\"image\":{\"@id\":\"https:\/\/weradiology.com\/#\/schema\/logo\/image\/\"}}]}<\/script>\n<!-- \/ Yoast SEO plugin. -->","yoast_head_json":{"title":"Services - weradiology.com","robots":{"index":"index","follow":"follow","max-snippet":"max-snippet:-1","max-image-preview":"max-image-preview:large","max-video-preview":"max-video-preview:-1"},"canonical":"https:\/\/weradiology.com\/index.php\/services\/","og_locale":"en_US","og_type":"article","og_title":"Services - weradiology.com","og_description":"M\u00e9dicos Radi\u00f3logos Ingrese a www.weradiology.com Accede a Hospitales, Cl\u00ednicas y Centros de diagn\u00f3stico.&nbsp; La opci\u00f3n para acceder a cl\u00ednicas, Hospitales y Centros de diagn\u00f3stico que necesitan m\u00e9dicos radi\u00f3logos externos. El solo hecho de estar inscripto permite que instituciones puedan contactarlo seg\u00fan su especialidad. M\u00e9dicos Radi\u00f3logos Accede a Hospitales, Cl\u00ednicas y Centros de diagn\u00f3stico.\u00a0 Ingrese a [&hellip;]","og_url":"https:\/\/weradiology.com\/index.php\/services\/","og_site_name":"weradiology.com","article_modified_time":"2024-09-30T13:48:25+00:00","og_image":[{"url":"http:\/\/weradiology.com\/wp-content\/uploads\/2024\/09\/Capa_1-1.png","type":"","width":"","height":""}],"twitter_card":"summary_large_image","twitter_misc":{"Est. reading time":"2 minutes"},"schema":{"@context":"https:\/\/schema.org","@graph":[{"@type":"WebPage","@id":"https:\/\/weradiology.com\/index.php\/services\/","url":"https:\/\/weradiology.com\/index.php\/services\/","name":"Services - weradiology.com","isPartOf":{"@id":"https:\/\/weradiology.com\/#website"},"primaryImageOfPage":{"@id":"https:\/\/weradiology.com\/index.php\/services\/#primaryimage"},"image":{"@id":"https:\/\/weradiology.com\/index.php\/services\/#primaryimage"},"thumbnailUrl":"http:\/\/weradiology.com\/wp-content\/uploads\/2024\/09\/Capa_1-1.png","datePublished":"2023-09-22T14:26:37+00:00","dateModified":"2024-09-30T13:48:25+00:00","breadcrumb":{"@id":"https:\/\/weradiology.com\/index.php\/services\/#breadcrumb"},"inLanguage":"en-US","potentialAction":[{"@type":"ReadAction","target":["https:\/\/weradiology.com\/index.php\/services\/"]}]},{"@type":"ImageObject","inLanguage":"en-US","@id":"https:\/\/weradiology.com\/index.php\/services\/#primaryimage","url":"https:\/\/weradiology.com\/wp-content\/uploads\/2024\/09\/Capa_1-1.png","contentUrl":"https:\/\/weradiology.com\/wp-content\/uploads\/2024\/09\/Capa_1-1.png","width":851,"height":567},{"@type":"BreadcrumbList","@id":"https:\/\/weradiology.com\/index.php\/services\/#breadcrumb","itemListElement":[{"@type":"ListItem","position":1,"name":"Home","item":"https:\/\/weradiology.com\/"},{"@type":"ListItem","position":2,"name":"Services"}]},{"@type":"WebSite","@id":"https:\/\/weradiology.com\/#website","url":"https:\/\/weradiology.com\/","name":"weradiology.com","description":"","publisher":{"@id":"https:\/\/weradiology.com\/#organization"},"potentialAction":[{"@type":"SearchAction","target":{"@type":"EntryPoint","urlTemplate":"https:\/\/weradiology.com\/?s={search_term_string}"},"query-input":{"@type":"PropertyValueSpecification","valueRequired":true,"valueName":"search_term_string"}}],"inLanguage":"en-US"},{"@type":"Organization","@id":"https:\/\/weradiology.com\/#organization","name":"weradiology","url":"https:\/\/weradiology.com\/","logo":{"@type":"ImageObject","inLanguage":"en-US","@id":"https:\/\/weradiology.com\/#\/schema\/logo\/image\/","url":"https:\/\/weradiology.com\/wp-content\/uploads\/2023\/09\/weradiology.png","contentUrl":"https:\/\/weradiology.com\/wp-content\/uploads\/2023\/09\/weradiology.png","width":884,"height":397,"caption":"weradiology"},"image":{"@id":"https:\/\/weradiology.com\/#\/schema\/logo\/image\/"}}]}},"_links":{"self":[{"href":"https:\/\/weradiology.com\/index.php\/wp-json\/wp\/v2\/pages\/44","targetHints":{"allow":["GET"]}}],"collection":[{"href":"https:\/\/weradiology.com\/index.php\/wp-json\/wp\/v2\/pages"}],"about":[{"href":"https:\/\/weradiology.com\/index.php\/wp-json\/wp\/v2\/types\/page"}],"author":[{"embeddable":true,"href":"https:\/\/weradiology.com\/index.php\/wp-json\/wp\/v2\/users\/6"}],"replies":[{"embeddable":true,"href":"https:\/\/weradiology.com\/index.php\/wp-json\/wp\/v2\/comments?post=44"}],"version-history":[{"count":223,"href":"https:\/\/weradiology.com\/index.php\/wp-json\/wp\/v2\/pages\/44\/revisions"}],"predecessor-version":[{"id":2168,"href":"https:\/\/weradiology.com\/index.php\/wp-json\/wp\/v2\/pages\/44\/revisions\/2168"}],"wp:attachment":[{"href":"https:\/\/weradiology.com\/index.php\/wp-json\/wp\/v2\/media?parent=44"}],"curies":[{"name":"wp","href":"https:\/\/api.w.org\/{rel}","templated":true}]}}